{"id":3240,"date":"2019-07-11T14:48:55","date_gmt":"2019-07-11T14:48:55","guid":{"rendered":"https:\/\/ucovi.org\/?page_id=3240"},"modified":"2020-08-30T07:44:49","modified_gmt":"2020-08-30T07:44:49","slug":"unete","status":"publish","type":"page","link":"https:\/\/ucovi.org\/es\/unete","title":{"rendered":"\u00daNETE"},"content":{"rendered":"[vc_row css=\u00bb.vc_custom_1562856222529{padding-top: 50px !important;padding-bottom: 20px !important;background: #ffffff url(https:\/\/ucovi.org\/wp-content\/uploads\/2019\/06\/UCOVI-Vila-real-Vilareal-fondo-02.jpg?id=3209) !important;background-position: center !important;background-repeat: no-repeat !important;background-size: cover !important;}\u00bb][vc_column width=\u00bb1\/6&#8243;][\/vc_column][vc_column width=\u00bb2\/3&#8243;][vc_custom_heading text=\u00bb\u00a1\u00danete!\u00bb font_container=\u00bbtag:h2|font_size:72%20px|text_align:left|color:%23d17911|line_height:85px\u00bb google_fonts=\u00bbfont_family:Raleway%3A100%2C200%2C300%2Cregular%2C500%2C600%2C700%2C800%2C900|font_style:600%20bold%20regular%3A600%3Anormal\u00bb][vc_custom_heading text=\u00bbSol\u00b7licitud d&#8217;alta Va unir de Comer\u00e7 de Vila-real\u00bb font_container=\u00bbtag:p|font_size:20%20px|text_align:left|color:%23232323|line_height:1%2C5&#8243; google_fonts=\u00bbfont_family:Raleway%3A100%2C200%2C300%2Cregular%2C500%2C600%2C700%2C800%2C900|font_style:500%20bold%20regular%3A500%3Anormal\u00bb]<div class=\"separator-wrap-1\"><style type=\"text\/css\" scoped=\"scoped\">.separator-wrap-1 .separator-el {padding-top: 10px;padding-bottom: 20px;}.separator-wrap-1 .separator-el .line{}.separator-wrap-1 .line, .separator-wrap-1 .separator-el-left, .separator-wrap-1 .separator-el-right {background-color:#d17911;}<\/style><div class=\"separator-el relative \"><div class=\"line w-10 h-1 bg-gray-700 ml-0 mr-auto \"><\/div><\/div><\/div>[\/vc_column][vc_column width=\u00bb1\/6&#8243;][\/vc_column][\/vc_row][vc_row css=\u00bb.vc_custom_1562856524877{margin-top: 20px !important;}\u00bb][vc_column width=\u00bb1\/6&#8243;][\/vc_column][vc_column width=\u00bb2\/3&#8243;][vc_column_text css=\u00bb.vc_custom_1598773200017{margin-bottom: 40px !important;}\u00bb]De conformidad con cuanto disponen los Estatutos de esta Asociaci\u00f3n, solicito el ingreso como socio en la misma, en las condiciones que determinan los estatutos, dem\u00e1s normas establecidas y disposiciones legales vigentes.[\/vc_column_text][vc_column_text]<div role=\"form\" class=\"wpcf7\" id=\"wpcf7-f3257-o1\" lang=\"es-ES\" dir=\"ltr\">\n<div class=\"screen-reader-response\"><p role=\"status\" aria-live=\"polite\" aria-atomic=\"true\"><\/p> <ul><\/ul><\/div>\n<form action=\"\/es\/wp-json\/wp\/v2\/pages\/3240#wpcf7-f3257-o1\" method=\"post\" class=\"wpcf7-form init\" enctype=\"multipart\/form-data\" novalidate=\"novalidate\" data-status=\"init\">\n<div style=\"display: none;\">\n<input type=\"hidden\" name=\"_wpcf7\" value=\"3257\" \/>\n<input type=\"hidden\" name=\"_wpcf7_version\" value=\"5.5.3\" \/>\n<input type=\"hidden\" name=\"_wpcf7_locale\" value=\"es_ES\" \/>\n<input type=\"hidden\" name=\"_wpcf7_unit_tag\" value=\"wpcf7-f3257-o1\" \/>\n<input type=\"hidden\" name=\"_wpcf7_container_post\" value=\"0\" \/>\n<input type=\"hidden\" name=\"_wpcf7_posted_data_hash\" value=\"\" \/>\n<\/div>\n<p><P><br \/>\n<h5><b>IDENTIFICACI\u00d3N<\/b><\/h5>\n<p><\/P><br \/>\n<label><br><\/label><br \/>\n<label> Apellidos y Nombre \/ Raz\u00f3n Social.<br \/>\n    <span class=\"wpcf7-form-control-wrap your-name\"><input type=\"text\" name=\"your-name\" value=\"\" size=\"40\" class=\"wpcf7-form-control wpcf7-text wpcf7-validates-as-required\" aria-required=\"true\" aria-invalid=\"false\" \/><\/span> <\/label><\/p>\n<p><label> NIF.<br \/>\n<span class=\"wpcf7-form-control-wrap text-152\"><input type=\"text\" name=\"text-152\" value=\"\" size=\"40\" class=\"wpcf7-form-control wpcf7-text wpcf7-validates-as-required\" aria-required=\"true\" aria-invalid=\"false\" \/><\/span> <\/label><\/p>\n<p><label> Domicilio Fiscal (direcci\u00f3n, poblaci\u00f3n, c\u00f3digo postal).<br \/>\n<span class=\"wpcf7-form-control-wrap text-813\"><input type=\"text\" name=\"text-813\" value=\"\" size=\"40\" class=\"wpcf7-form-control wpcf7-text wpcf7-validates-as-required\" aria-required=\"true\" aria-invalid=\"false\" \/><\/span><\/label><\/p>\n<p><label> Representante.<br \/>\n    <span class=\"wpcf7-form-control-wrap text-323\"><input type=\"text\" name=\"text-323\" value=\"\" size=\"40\" class=\"wpcf7-form-control wpcf7-text wpcf7-validates-as-required\" aria-required=\"true\" aria-invalid=\"false\" \/><\/span> <\/label><\/p>\n<p><label>DNI del representante.<br \/>\n    <span class=\"wpcf7-form-control-wrap text-279\"><input type=\"text\" name=\"text-279\" value=\"\" size=\"40\" class=\"wpcf7-form-control wpcf7-text wpcf7-validates-as-required\" aria-required=\"true\" aria-invalid=\"false\" \/><\/span> <\/label><\/p>\n<p><label> Tel\u00e9fono del comercio.<br \/>\n    <span class=\"wpcf7-form-control-wrap text-388\"><input type=\"text\" name=\"text-388\" value=\"\" size=\"40\" class=\"wpcf7-form-control wpcf7-text wpcf7-validates-as-required\" aria-required=\"true\" aria-invalid=\"false\" \/><\/span><\/label><\/p>\n<p><label> M\u00f3vil de contacto.<br \/>\n    <span class=\"wpcf7-form-control-wrap tel-478\"><input type=\"tel\" name=\"tel-478\" value=\"\" size=\"40\" class=\"wpcf7-form-control wpcf7-text wpcf7-tel wpcf7-validates-as-required wpcf7-validates-as-tel\" aria-required=\"true\" aria-invalid=\"false\" \/><\/span><\/label><\/p>\n<p><label> E-mail de contacto.<br \/>\n    <span class=\"wpcf7-form-control-wrap your-email\"><input type=\"email\" name=\"your-email\" value=\"\" size=\"40\" class=\"wpcf7-form-control wpcf7-text wpcf7-email wpcf7-validates-as-required wpcf7-validates-as-email\" aria-required=\"true\" aria-invalid=\"false\" \/><\/span> <\/label><\/p>\n<p><label> Web.<br \/>\n    <span class=\"wpcf7-form-control-wrap text-815\"><input type=\"text\" name=\"text-815\" value=\"\" size=\"40\" class=\"wpcf7-form-control wpcf7-text\" aria-invalid=\"false\" \/><\/span><\/label><\/p>\n<p><label> Enlaces de tus redes sociales.<br \/>\n    <span class=\"wpcf7-form-control-wrap textarea-741\"><textarea name=\"textarea-741\" cols=\"40\" rows=\"10\" class=\"wpcf7-form-control wpcf7-textarea\" aria-invalid=\"false\"><\/textarea><\/span><\/label><\/p>\n<p><label><br><\/label><br \/>\n<P><br \/>\n<h5><b>ACTIVIDAD COMERCIAL<\/b><\/h5>\n<p><\/P><\/p>\n<p><label> Nombre comercial.<br \/>\n    <span class=\"wpcf7-form-control-wrap your-subject\"><input type=\"text\" name=\"your-subject\" value=\"\" size=\"40\" class=\"wpcf7-form-control wpcf7-text\" aria-invalid=\"false\" \/><\/span> <\/label><\/p>\n<p><label> Actividad econ\u00f3mica (Descripci\u00f3n y Ep\u00edgrafe).<br \/>\n    <span class=\"wpcf7-form-control-wrap text-241\"><input type=\"text\" name=\"text-241\" value=\"\" size=\"40\" class=\"wpcf7-form-control wpcf7-text wpcf7-validates-as-required\" aria-required=\"true\" aria-invalid=\"false\" \/><\/span><\/label><\/p>\n<p><label> Domicilio de la actividad (direcci\u00f3n, poblaci\u00f3n, c\u00f3digo postal).<br \/>\n    <span class=\"wpcf7-form-control-wrap text-241\"><input type=\"text\" name=\"text-241\" value=\"\" size=\"40\" class=\"wpcf7-form-control wpcf7-text wpcf7-validates-as-required\" aria-required=\"true\" aria-invalid=\"false\" \/><\/span><\/label><\/p>\n<p><label><br><\/label><br \/>\n<label> Adjunta tu logotipo, fachada e interior de tu comercio (en buena resoluci\u00f3n y formato jpg. pdf. tiff.).<br \/>\n    <span class=\"wpcf7-form-control-wrap file-181\"><input type=\"file\" name=\"file-181\" size=\"40\" class=\"wpcf7-form-control wpcf7-file\" accept=\".jpg,.jpeg,.png,.gif,.pdf,.doc,.docx,.ppt,.pptx,.odt,.avi,.ogg,.m4a,.mov,.mp3,.mp4,.mpg,.wav,.wmv\" aria-invalid=\"false\" \/><\/span><\/label><\/p>\n<p>label> Adjunta una imagen la fachada de tu comercio (en buena resoluci\u00f3n y formato jpg. pdf. tiff.).<br \/>\n    <\/label><span class=\"wpcf7-form-control-wrap file-199\"><input type=\"file\" name=\"file-199\" size=\"40\" class=\"wpcf7-form-control wpcf7-file\" accept=\".jpg,.jpeg,.png,.gif,.pdf,.doc,.docx,.ppt,.pptx,.odt,.avi,.ogg,.m4a,.mov,.mp3,.mp4,.mpg,.wav,.wmv\" aria-invalid=\"false\" \/><\/span><\/p>\n<p>label> Adjunta una imagen del interior de tu comercio (en buena resoluci\u00f3n y formato jpg. pdf. tiff.).<br \/>\n    <span class=\"wpcf7-form-control-wrap file-268\"><input type=\"file\" name=\"file-268\" size=\"40\" class=\"wpcf7-form-control wpcf7-file\" accept=\".jpg,.jpeg,.png,.gif,.pdf,.doc,.docx,.ppt,.pptx,.odt,.avi,.ogg,.m4a,.mov,.mp3,.mp4,.mpg,.wav,.wmv\" aria-invalid=\"false\" \/><\/span><\/label><\/p>\n<p><label> Cu\u00e9nta la historia de tu comercio. Explicalo brevemente.<br \/>\n    <span class=\"wpcf7-form-control-wrap your-message\"><textarea name=\"your-message\" cols=\"40\" rows=\"10\" class=\"wpcf7-form-control wpcf7-textarea\" aria-invalid=\"false\"><\/textarea><\/span> <\/label><br \/>\n<br><br \/>\n<label><br \/>\n<br><\/p>\n<p><span class=\"wpcf7-form-control-wrap acceptance-439\"><span class=\"wpcf7-form-control wpcf7-acceptance optional\"><span class=\"wpcf7-list-item\"><label><input type=\"checkbox\" name=\"acceptance-439\" value=\"1\" aria-invalid=\"false\" \/><span class=\"wpcf7-list-item-label\">Acepto condiciones del aviso legal.<\/span><\/label><\/span><\/span><\/span> <\/label><\/p>\n<p><input type=\"submit\" value=\"Enviar\" class=\"wpcf7-form-control has-spinner wpcf7-submit\" \/><\/p>\n<p>\n    <label><\/p>\n<div class=\"wpcf7-response-output\" aria-hidden=\"true\"><\/div><\/form><\/div>[\/vc_column_text][vc_column_text css=\u00bb.vc_custom_1591695628238{margin-top: 40px !important;margin-bottom: 80px !important;}\u00bb]\n<div class=\"wpb_text_column wpb_content_element vc_custom_1531731816596\">\n<div class=\"wpb_wrapper\">\n<div class=\"wpb_text_column wpb_content_element vc_custom_1531731816596\">\n<div class=\"wpb_wrapper\">\n<p><strong>Aviso legal<br \/>\n<\/strong><\/p>\n<p><small>Conforme a la Ley de Servicios de la Sociedad de la Informaci\u00f3n y del Comercio Electr\u00f3nico, y a la vigente Ley Org\u00e1nica 15\/1999 de Protecci\u00f3n de Datos de Car\u00e1cter Personal, le informamos que sus datos ser\u00e1n incluidos en un fichero automatizado del que es titular Uni\u00f3 de Comer\u00e7 de Vila-real, con el fin de ser utilizados para gestionar su solicitud as\u00ed como para el resto de finalidades descritas en la Pol\u00edtica de Privacidad de esta web que Usted debe leer y aceptar antes de enviar este correo. Si no nos manifiesta lo contrario, entendemos que Usted consiente el tratamiento indicado. Puede ejercitar sus derechos de acceso, cancelaci\u00f3n, rectificaci\u00f3n y oposici\u00f3n, mediante escrito dirigido a <small>Uni\u00f3 de Comer\u00e7 de Vila-real<\/small>, Calle Sant Roc, 9\u00b7 bajo &#8211; 12540 Vila-real (Castell\u00f3) \u2013 Espa\u00f1a, junto con una copia del DNI, o bien a trav\u00e9s de la direcci\u00f3n de correo electr\u00f3nico <a href=\"mailto:info@ucovi.org\">info@ucovi.org<\/a><\/small><\/p>\n<\/div>\n<\/div>\n<\/div>\n<\/div>\n[\/vc_column_text][\/vc_column][vc_column width=\u00bb1\/6&#8243;][\/vc_column][\/vc_row]","protected":false},"excerpt":{"rendered":"<p>[vc_row css=\u00bb.vc_custom_1562856222529{padding-top: 50px !important;padding-bottom: 20px !important;background: #ffffff url(https:\/\/ucovi.org\/wp-content\/uploads\/2019\/06\/UCOVI-Vila-real-Vilareal-fondo-02.jpg?id=3209) !important;background-position: center !important;background-repeat: no-repeat !important;background-size: cover !important;}\u00bb][vc_column width=\u00bb1\/6&#8243;][\/vc_column][vc_column width=\u00bb2\/3&#8243;][vc_custom_heading text=\u00bb\u00a1\u00danete!\u00bb font_container=\u00bbtag:h2|font_size:72%20px|text_align:left|color:%23d17911|line_height:85px\u00bb google_fonts=\u00bbfont_family:Raleway%3A100%2C200%2C300%2Cregular%2C500%2C600%2C700%2C800%2C900|font_style:600%20bold%20regular%3A600%3Anormal\u00bb][vc_custom_heading text=\u00bbSol\u00b7licitud d&#8217;alta Va unir de Comer\u00e7 de Vila-real\u00bb font_container=\u00bbtag:p|font_size:20%20px|text_align:left|color:%23232323|line_height:1%2C5&#8243; google_fonts=\u00bbfont_family:Raleway%3A100%2C200%2C300%2Cregular%2C500%2C600%2C700%2C800%2C900|font_style:500%20bold%20regular%3A500%3Anormal\u00bb][\/vc_column][vc_column width=\u00bb1\/6&#8243;][\/vc_column][\/vc_row][vc_row css=\u00bb.vc_custom_1562856524877{margin-top: 20px !important;}\u00bb][vc_column width=\u00bb1\/6&#8243;][\/vc_column][vc_column width=\u00bb2\/3&#8243;][vc_column_text css=\u00bb.vc_custom_1598773200017{margin-bottom: 40px !important;}\u00bb]De conformidad con cuanto disponen los Estatutos de esta Asociaci\u00f3n, solicito el ingreso como socio en la&#8230;<\/p>\n","protected":false},"author":1,"featured_media":0,"parent":0,"menu_order":99,"comment_status":"closed","ping_status":"closed","template":"page-full.php","meta":[],"_links":{"self":[{"href":"https:\/\/ucovi.org\/es\/wp-json\/wp\/v2\/pages\/3240"}],"collection":[{"href":"https:\/\/ucovi.org\/es\/wp-json\/wp\/v2\/pages"}],"about":[{"href":"https:\/\/ucovi.org\/es\/wp-json\/wp\/v2\/types\/page"}],"author":[{"embeddable":true,"href":"https:\/\/ucovi.org\/es\/wp-json\/wp\/v2\/users\/1"}],"replies":[{"embeddable":true,"href":"https:\/\/ucovi.org\/es\/wp-json\/wp\/v2\/comments?post=3240"}],"version-history":[{"count":29,"href":"https:\/\/ucovi.org\/es\/wp-json\/wp\/v2\/pages\/3240\/revisions"}],"predecessor-version":[{"id":3668,"href":"https:\/\/ucovi.org\/es\/wp-json\/wp\/v2\/pages\/3240\/revisions\/3668"}],"wp:attachment":[{"href":"https:\/\/ucovi.org\/es\/wp-json\/wp\/v2\/media?parent=3240"}],"curies":[{"name":"wp","href":"https:\/\/api.w.org\/{rel}","templated":true}]}}